{"id":11338,"date":"2026-02-23T21:00:31","date_gmt":"2026-02-23T21:00:31","guid":{"rendered":"https:\/\/hautarchitekt.at\/?post_type=product&#038;p=11338"},"modified":"2026-02-23T21:00:31","modified_gmt":"2026-02-23T21:00:31","slug":"alegance-the-cactus-botanical-solid-oil-30ml","status":"publish","type":"product","link":"https:\/\/hautarchitekt.at\/?product=alegance-the-cactus-botanical-solid-oil-30ml","title":{"rendered":"Alegance &#8211; The Cactus [botanical solid oil]  30ml"},"content":{"rendered":"<p>Alegance \u2013 The Cactus (Botanical Solid Oil) von <a href=\"\/\/generic-entity?number=1\">Alex Cosmetic<\/a> ist ein luxuri\u00f6ses, pflanzlich basiertes Solid Oil, das speziell entwickelt wurde, um trockene, empfindliche oder dehydrierte Haut besonders reichhaltig zu pflegen. Die einzigartige Rezeptur kombiniert n\u00e4hrende Pflanzen\u00f6le, darunter wertvolles Kakteenkern\u00f6l, das die Haut intensiv mit Lipiden versorgt, die nat\u00fcrliche Barriere st\u00e4rkt und den Feuchtigkeitsverlust reduziert.<\/p>\n<p>Die fest-zu-\u00f6l Textur schmilzt beim Kontakt mit der Haut und hinterl\u00e4sst ein seidig-weiches, geschmeidiges Gef\u00fchl. Alegance \u2013 The Cactus eignet sich ideal f\u00fcr trockene Gesichtspartien, raue Ellbogen, raue H\u00e4nde oder als erg\u00e4nzende Pflege f\u00fcr besonders anspruchsvolle Hautpartien.<\/p>\n","protected":false},"excerpt":{"rendered":"<p>Alegance \u2013 The Cactus (Botanical Solid Oil) von <a href=\"\/\/generic-entity?number=0\">Alex Cosmetic<\/a> ist ein n\u00e4hrendes, pflanzliches Solid Oil mit Kakteenkern- und weiteren botanischen \u00d6len. Es pflegt trockene oder gestresste Haut intensiv, spendet langanhaltende Feuchtigkeit und verleiht ein geschmeidiges, gesundes Hautgef\u00fchl.<\/p>\n","protected":false},"featured_media":11339,"comment_status":"open","ping_status":"closed","template":"","meta":{"content-type":""},"product_brand":[140],"product_cat":[152],"product_tag":[],"class_list":{"0":"post-11338","1":"product","2":"type-product","3":"status-publish","4":"has-post-thumbnail","6":"product_brand-alex-cosmetic-gmbh","7":"product_cat-intensiv","9":"first","10":"instock","11":"taxable","12":"shipping-taxable","13":"purchasable","14":"product-type-simple"},"_links":{"self":[{"href":"https:\/\/hautarchitekt.at\/index.php?rest_route=\/wp\/v2\/product\/11338","targetHints":{"allow":["GET"]}}],"collection":[{"href":"https:\/\/hautarchitekt.at\/index.php?rest_route=\/wp\/v2\/product"}],"about":[{"href":"https:\/\/hautarchitekt.at\/index.php?rest_route=\/wp\/v2\/types\/product"}],"replies":[{"embeddable":true,"href":"https:\/\/hautarchitekt.at\/index.php?rest_route=%2Fwp%2Fv2%2Fcomments&post=11338"}],"wp:featuredmedia":[{"embeddable":true,"href":"https:\/\/hautarchitekt.at\/index.php?rest_route=\/wp\/v2\/media\/11339"}],"wp:attachment":[{"href":"https:\/\/hautarchitekt.at\/index.php?rest_route=%2Fwp%2Fv2%2Fmedia&parent=11338"}],"wp:term":[{"taxonomy":"product_brand","embeddable":true,"href":"https:\/\/hautarchitekt.at\/index.php?rest_route=%2Fwp%2Fv2%2Fproduct_brand&post=11338"},{"taxonomy":"product_cat","embeddable":true,"href":"https:\/\/hautarchitekt.at\/index.php?rest_route=%2Fwp%2Fv2%2Fproduct_cat&post=11338"},{"taxonomy":"product_tag","embeddable":true,"href":"https:\/\/hautarchitekt.at\/index.php?rest_route=%2Fwp%2Fv2%2Fproduct_tag&post=11338"}],"curies":[{"name":"wp","href":"https:\/\/api.w.org\/{rel}","templated":true}]}}