{"id":11335,"date":"2026-02-23T20:55:10","date_gmt":"2026-02-23T20:55:10","guid":{"rendered":"https:\/\/hautarchitekt.at\/?post_type=product&#038;p=11335"},"modified":"2026-02-23T20:57:02","modified_gmt":"2026-02-23T20:57:02","slug":"alegance-the-eye-15ml","status":"publish","type":"product","link":"https:\/\/hautarchitekt.at\/?product=alegance-the-eye-15ml","title":{"rendered":"Alegance &#8211; The Eye 15ml"},"content":{"rendered":"<p>Alegance \u2013 The Eye von <a href=\"\/\/generic-entity?number=1\">Alex Cosmetic<\/a> ist eine hochwertige Anti-Aging-Augencreme, entwickelt zur Pflege der sensiblen Haut rund um die Augen. Die reichhaltige, dennoch leichte Formel unterst\u00fctzt die Hautregeneration, spendet tiefgehende Feuchtigkeit und hilft, Falten, Schwellungen und dunkle Schatten zu mildern.<\/p>\n<p>Durch gezielt kombinierte Wirkstoffe wird die Augenpartie intensiv gepflegt und sichtbar gegl\u00e4ttet, w\u00e4hrend gleichzeitig Spannkraft und Elastizit\u00e4t verbessert werden. Die zarte Textur zieht schnell ein, hinterl\u00e4sst ein angenehm gepflegtes Gef\u00fchl und eignet sich als ideale Basis f\u00fcr Make-up.<\/p>\n","protected":false},"excerpt":{"rendered":"<p>Alegance \u2013 The Eye von <a href=\"\/\/generic-entity?number=0\">Alex Cosmetic<\/a> ist eine luxuri\u00f6se Augenpflege, die gezielt Falten, Schwellungen und M\u00fcdigkeitserscheinungen im Augenbereich reduziert, die Haut intensiv mit Feuchtigkeit versorgt und den Blick strahlender und wacher wirken l\u00e4sst.<\/p>\n","protected":false},"featured_media":11337,"comment_status":"open","ping_status":"closed","template":"","meta":{"content-type":""},"product_brand":[140],"product_cat":[148],"product_tag":[],"class_list":{"0":"post-11335","1":"product","2":"type-product","3":"status-publish","4":"has-post-thumbnail","6":"product_brand-alex-cosmetic-gmbh","7":"product_cat-augenpflege","9":"first","10":"instock","11":"taxable","12":"shipping-taxable","13":"purchasable","14":"product-type-simple"},"_links":{"self":[{"href":"https:\/\/hautarchitekt.at\/index.php?rest_route=\/wp\/v2\/product\/11335","targetHints":{"allow":["GET"]}}],"collection":[{"href":"https:\/\/hautarchitekt.at\/index.php?rest_route=\/wp\/v2\/product"}],"about":[{"href":"https:\/\/hautarchitekt.at\/index.php?rest_route=\/wp\/v2\/types\/product"}],"replies":[{"embeddable":true,"href":"https:\/\/hautarchitekt.at\/index.php?rest_route=%2Fwp%2Fv2%2Fcomments&post=11335"}],"wp:featuredmedia":[{"embeddable":true,"href":"https:\/\/hautarchitekt.at\/index.php?rest_route=\/wp\/v2\/media\/11337"}],"wp:attachment":[{"href":"https:\/\/hautarchitekt.at\/index.php?rest_route=%2Fwp%2Fv2%2Fmedia&parent=11335"}],"wp:term":[{"taxonomy":"product_brand","embeddable":true,"href":"https:\/\/hautarchitekt.at\/index.php?rest_route=%2Fwp%2Fv2%2Fproduct_brand&post=11335"},{"taxonomy":"product_cat","embeddable":true,"href":"https:\/\/hautarchitekt.at\/index.php?rest_route=%2Fwp%2Fv2%2Fproduct_cat&post=11335"},{"taxonomy":"product_tag","embeddable":true,"href":"https:\/\/hautarchitekt.at\/index.php?rest_route=%2Fwp%2Fv2%2Fproduct_tag&post=11335"}],"curies":[{"name":"wp","href":"https:\/\/api.w.org\/{rel}","templated":true}]}}