{"id":11322,"date":"2026-02-21T23:14:15","date_gmt":"2026-02-21T23:14:15","guid":{"rendered":"https:\/\/hautarchitekt.at\/?post_type=product&#038;p=11322"},"modified":"2026-02-21T23:14:15","modified_gmt":"2026-02-21T23:14:15","slug":"alegance-the-cream-50ml","status":"publish","type":"product","link":"https:\/\/hautarchitekt.at\/?product=alegance-the-cream-50ml","title":{"rendered":"Alegance &#8211; The Cream 50ml"},"content":{"rendered":"<p>Alegance \u2013 The Cream von <a href=\"\/\/generic-entity?number=1\">Alex Cosmetic<\/a> ist eine hochwertige Anti-Aging-Creme, entwickelt f\u00fcr anspruchsvolle und reife Haut. Die reichhaltige Formulierung unterst\u00fctzt die Hautregeneration, spendet langanhaltende Feuchtigkeit und sorgt f\u00fcr mehr Elastizit\u00e4t und Spannkraft.<\/p>\n<p>Die Creme gl\u00e4ttet feine Linien, pflegt intensiv und hinterl\u00e4sst ein samtiges, pralles Hautgef\u00fchl. Sie zieht gut ein und eignet sich sowohl f\u00fcr Tages- als auch Nachtpflege, um die Haut optimal zu verw\u00f6hnen.<\/p>\n","protected":false},"excerpt":{"rendered":"<p>Alegance \u2013 The Cream von <a href=\"\/\/generic-entity?number=0\">Alex Cosmetic<\/a> ist eine luxuri\u00f6se Anti-Aging-Creme, die die Haut intensiv pflegt, mit Feuchtigkeit versorgt und die Elastizit\u00e4t unterst\u00fctzt. Sie gl\u00e4ttet feine Linien und schenkt ein strahlendes, geschmeidiges Hautbild.<\/p>\n","protected":false},"featured_media":11323,"comment_status":"open","ping_status":"closed","template":"","meta":{"content-type":""},"product_brand":[140],"product_cat":[152],"product_tag":[],"class_list":{"0":"post-11322","1":"product","2":"type-product","3":"status-publish","4":"has-post-thumbnail","6":"product_brand-alex-cosmetic-gmbh","7":"product_cat-intensiv","9":"first","10":"instock","11":"taxable","12":"shipping-taxable","13":"purchasable","14":"product-type-simple"},"_links":{"self":[{"href":"https:\/\/hautarchitekt.at\/index.php?rest_route=\/wp\/v2\/product\/11322","targetHints":{"allow":["GET"]}}],"collection":[{"href":"https:\/\/hautarchitekt.at\/index.php?rest_route=\/wp\/v2\/product"}],"about":[{"href":"https:\/\/hautarchitekt.at\/index.php?rest_route=\/wp\/v2\/types\/product"}],"replies":[{"embeddable":true,"href":"https:\/\/hautarchitekt.at\/index.php?rest_route=%2Fwp%2Fv2%2Fcomments&post=11322"}],"wp:featuredmedia":[{"embeddable":true,"href":"https:\/\/hautarchitekt.at\/index.php?rest_route=\/wp\/v2\/media\/11323"}],"wp:attachment":[{"href":"https:\/\/hautarchitekt.at\/index.php?rest_route=%2Fwp%2Fv2%2Fmedia&parent=11322"}],"wp:term":[{"taxonomy":"product_brand","embeddable":true,"href":"https:\/\/hautarchitekt.at\/index.php?rest_route=%2Fwp%2Fv2%2Fproduct_brand&post=11322"},{"taxonomy":"product_cat","embeddable":true,"href":"https:\/\/hautarchitekt.at\/index.php?rest_route=%2Fwp%2Fv2%2Fproduct_cat&post=11322"},{"taxonomy":"product_tag","embeddable":true,"href":"https:\/\/hautarchitekt.at\/index.php?rest_route=%2Fwp%2Fv2%2Fproduct_tag&post=11322"}],"curies":[{"name":"wp","href":"https:\/\/api.w.org\/{rel}","templated":true}]}}