{"id":11275,"date":"2026-02-19T20:40:48","date_gmt":"2026-02-19T20:40:48","guid":{"rendered":"https:\/\/hautarchitekt.at\/?post_type=product&#038;p=11275"},"modified":"2026-02-19T20:40:48","modified_gmt":"2026-02-19T20:40:48","slug":"bb-cream-medium-tone-30ml","status":"publish","type":"product","link":"https:\/\/hautarchitekt.at\/?product=bb-cream-medium-tone-30ml","title":{"rendered":"BB Cream (Medium Tone) 30ml"},"content":{"rendered":"<p>Pflege, Schutz und perfekter Teint \u2013 in nur einem Schritt.<\/p>\n<p>Die BB Cream (Medium Tone) von Alex Cosmetic vereint hochwertige Hautpflege mit ausgleichender Deckkraft und sorgt f\u00fcr ein nat\u00fcrlich sch\u00f6nes Hautbild. Der mittlere Farbton passt sich harmonisch an mittlere Hautt\u00f6ne an und verleiht einen ebenm\u00e4\u00dfigen, frischen Look \u2013 ganz ohne Maskeneffekt.<\/p>\n","protected":false},"excerpt":{"rendered":"<p>BB Cream (Medium Tone) von Alex Cosmetic ist eine pflegende Beauty Balm mit mittlerer Deckkraft f\u00fcr einen ebenm\u00e4\u00dfigen, nat\u00fcrlich strahlenden Teint. Sie kombiniert Hautpflege und Make-up in einem Produkt \u2013 f\u00fcr ein perfektes Finish und optimalen Komfort.<\/p>\n","protected":false},"featured_media":11274,"comment_status":"open","ping_status":"closed","template":"","meta":{"content-type":""},"product_brand":[],"product_cat":[153],"product_tag":[],"class_list":{"0":"post-11275","1":"product","2":"type-product","3":"status-publish","4":"has-post-thumbnail","6":"product_cat-bb-cream","8":"first","9":"instock","10":"taxable","11":"shipping-taxable","12":"purchasable","13":"product-type-simple"},"_links":{"self":[{"href":"https:\/\/hautarchitekt.at\/index.php?rest_route=\/wp\/v2\/product\/11275","targetHints":{"allow":["GET"]}}],"collection":[{"href":"https:\/\/hautarchitekt.at\/index.php?rest_route=\/wp\/v2\/product"}],"about":[{"href":"https:\/\/hautarchitekt.at\/index.php?rest_route=\/wp\/v2\/types\/product"}],"replies":[{"embeddable":true,"href":"https:\/\/hautarchitekt.at\/index.php?rest_route=%2Fwp%2Fv2%2Fcomments&post=11275"}],"wp:featuredmedia":[{"embeddable":true,"href":"https:\/\/hautarchitekt.at\/index.php?rest_route=\/wp\/v2\/media\/11274"}],"wp:attachment":[{"href":"https:\/\/hautarchitekt.at\/index.php?rest_route=%2Fwp%2Fv2%2Fmedia&parent=11275"}],"wp:term":[{"taxonomy":"product_brand","embeddable":true,"href":"https:\/\/hautarchitekt.at\/index.php?rest_route=%2Fwp%2Fv2%2Fproduct_brand&post=11275"},{"taxonomy":"product_cat","embeddable":true,"href":"https:\/\/hautarchitekt.at\/index.php?rest_route=%2Fwp%2Fv2%2Fproduct_cat&post=11275"},{"taxonomy":"product_tag","embeddable":true,"href":"https:\/\/hautarchitekt.at\/index.php?rest_route=%2Fwp%2Fv2%2Fproduct_tag&post=11275"}],"curies":[{"name":"wp","href":"https:\/\/api.w.org\/{rel}","templated":true}]}}