{"id":11267,"date":"2026-02-19T20:22:55","date_gmt":"2026-02-19T20:22:55","guid":{"rendered":"https:\/\/hautarchitekt.at\/?post_type=product&#038;p=11267"},"modified":"2026-02-19T20:22:55","modified_gmt":"2026-02-19T20:22:55","slug":"absolute-hyaluron-essence-30ml","status":"publish","type":"product","link":"https:\/\/hautarchitekt.at\/?product=absolute-hyaluron-essence-30ml","title":{"rendered":"Absolute Hyaluron Essence 30ml"},"content":{"rendered":"<p>Feuchtigkeit ist der Schl\u00fcssel zu glatter, jugendlich wirkender Haut.<\/p>\n<p>Die Absolute Hyaluron Essence von Alex Cosmetic versorgt die Haut mit hochdosierter Hyalurons\u00e4ure und schenkt ihr intensive, langanhaltende Hydration. Die leichte, schnell einziehende Textur wirkt wie ein Feuchtigkeits-Booster und unterst\u00fctzt die nat\u00fcrliche Spannkraft der Haut.<\/p>\n","protected":false},"excerpt":{"rendered":"<p>Absolute Hyaluron Essence von Alex Cosmetic ist eine hochkonzentrierte Feuchtigkeits-Essenz mit Hyalurons\u00e4ure f\u00fcr intensiv hydratisierte, pralle und strahlende Haut. Sie durchfeuchtet die Haut tiefenwirksam, mildert Trockenheitsf\u00e4ltchen und verleiht sofortige Frische.<\/p>\n","protected":false},"featured_media":11268,"comment_status":"open","ping_status":"closed","template":"","meta":{"content-type":""},"product_brand":[140],"product_cat":[152],"product_tag":[],"class_list":{"0":"post-11267","1":"product","2":"type-product","3":"status-publish","4":"has-post-thumbnail","6":"product_brand-alex-cosmetic-gmbh","7":"product_cat-intensiv","9":"first","10":"instock","11":"taxable","12":"shipping-taxable","13":"purchasable","14":"product-type-simple"},"_links":{"self":[{"href":"https:\/\/hautarchitekt.at\/index.php?rest_route=\/wp\/v2\/product\/11267","targetHints":{"allow":["GET"]}}],"collection":[{"href":"https:\/\/hautarchitekt.at\/index.php?rest_route=\/wp\/v2\/product"}],"about":[{"href":"https:\/\/hautarchitekt.at\/index.php?rest_route=\/wp\/v2\/types\/product"}],"replies":[{"embeddable":true,"href":"https:\/\/hautarchitekt.at\/index.php?rest_route=%2Fwp%2Fv2%2Fcomments&post=11267"}],"wp:featuredmedia":[{"embeddable":true,"href":"https:\/\/hautarchitekt.at\/index.php?rest_route=\/wp\/v2\/media\/11268"}],"wp:attachment":[{"href":"https:\/\/hautarchitekt.at\/index.php?rest_route=%2Fwp%2Fv2%2Fmedia&parent=11267"}],"wp:term":[{"taxonomy":"product_brand","embeddable":true,"href":"https:\/\/hautarchitekt.at\/index.php?rest_route=%2Fwp%2Fv2%2Fproduct_brand&post=11267"},{"taxonomy":"product_cat","embeddable":true,"href":"https:\/\/hautarchitekt.at\/index.php?rest_route=%2Fwp%2Fv2%2Fproduct_cat&post=11267"},{"taxonomy":"product_tag","embeddable":true,"href":"https:\/\/hautarchitekt.at\/index.php?rest_route=%2Fwp%2Fv2%2Fproduct_tag&post=11267"}],"curies":[{"name":"wp","href":"https:\/\/api.w.org\/{rel}","templated":true}]}}