{"id":6928,"date":"2023-11-13T11:21:55","date_gmt":"2023-11-13T11:21:55","guid":{"rendered":"https:\/\/bridge503.qodeinteractive.com\/?page_id=6928"},"modified":"2026-04-17T23:30:35","modified_gmt":"2026-04-17T23:30:35","slug":"hakkimizda1","status":"publish","type":"page","link":"https:\/\/hautarchitekt.at\/?page_id=6928","title":{"rendered":"hakkimizda1"},"content":{"rendered":"\t\t<div data-elementor-type=\"wp-page\" data-elementor-id=\"6928\" class=\"elementor elementor-6928\" data-elementor-post-type=\"page\">\n\t\t\t\t<div class=\"elementor-element elementor-element-13faf0f8 e-con-full e-flex parallax_section_no qode_elementor_container_no e-con e-parent\" data-id=\"13faf0f8\" data-element_type=\"container\" data-e-type=\"container\" data-settings=\"{&quot;background_background&quot;:&quot;classic&quot;,&quot;shape_divider_bottom&quot;:&quot;waves&quot;}\">\n\t\t\t\t<div class=\"elementor-shape elementor-shape-bottom\" aria-hidden=\"true\" data-negative=\"false\">\n\t\t\t<svg xmlns=\"http:\/\/www.w3.org\/2000\/svg\" viewBox=\"0 0 1000 100\" preserveAspectRatio=\"none\">\n\t<path class=\"elementor-shape-fill\" d=\"M421.9,6.5c22.6-2.5,51.5,0.4,75.5,5.3c23.6,4.9,70.9,23.5,100.5,35.7c75.8,32.2,133.7,44.5,192.6,49.7\n\tc23.6,2.1,48.7,3.5,103.4-2.5c54.7-6,106.2-25.6,106.2-25.6V0H0v30.3c0,0,72,32.6,158.4,30.5c39.2-0.7,92.8-6.7,134-22.4\n\tc21.2-8.1,52.2-18.2,79.7-24.2C399.3,7.9,411.6,7.5,421.9,6.5z\"\/>\n<\/svg>\t\t<\/div>\n\t\t\t\t<div class=\"elementor-element elementor-element-1bb69139 animated-slow elementor-invisible elementor-widget elementor-widget-heading\" data-id=\"1bb69139\" data-element_type=\"widget\" data-e-type=\"widget\" data-settings=\"{&quot;_animation&quot;:&quot;slideInUp&quot;}\" data-widget_type=\"heading.default\">\n\t\t\t\t\t<h2 class=\"elementor-heading-title elementor-size-default\">\u00dcber uns\n<\/h2>\t\t\t\t<\/div>\n\t\t\t\t<div class=\"elementor-element elementor-element-c1e5b1d elementor-widget elementor-widget-text-editor\" data-id=\"c1e5b1d\" data-element_type=\"widget\" data-e-type=\"widget\" data-widget_type=\"text-editor.default\">\n\t\t\t\t\t\t\t\t\tSch\u00f6nheit beginnt mit gesunder Haut \u2013 und genau das ist meine Leidenschaft.\t\t\t\t\t\t\t\t<\/div>\n\t\t\t\t<\/div>\n\t\t<div class=\"elementor-element elementor-element-4088040 e-con-full elementor-hidden-tablet elementor-hidden-mobile e-flex parallax_section_no qode_elementor_container_no e-con e-child\" data-id=\"4088040\" data-element_type=\"container\" data-e-type=\"container\">\n\t\t<div class=\"elementor-element elementor-element-980c108 e-con-full e-flex parallax_section_no qode_elementor_container_no e-con e-child\" data-id=\"980c108\" data-element_type=\"container\" data-e-type=\"container\" data-settings=\"{&quot;background_background&quot;:&quot;classic&quot;}\">\n\t\t\t\t<\/div>\n\t\t<div class=\"elementor-element elementor-element-a3be88f e-con-full e-flex parallax_section_no qode_elementor_container_no e-con e-child\" data-id=\"a3be88f\" data-element_type=\"container\" data-e-type=\"container\" data-settings=\"{&quot;background_background&quot;:&quot;classic&quot;}\">\n\t\t\t\t<\/div>\n\t\t<div class=\"elementor-element elementor-element-1a788c4 e-con-full e-flex parallax_section_no qode_elementor_container_no e-con e-child\" data-id=\"1a788c4\" data-element_type=\"container\" data-e-type=\"container\" data-settings=\"{&quot;background_background&quot;:&quot;classic&quot;}\">\n\t\t\t\t<\/div>\n\t\t<div class=\"elementor-element elementor-element-b6aee41 e-con-full e-flex parallax_section_no qode_elementor_container_no e-con e-child\" data-id=\"b6aee41\" data-element_type=\"container\" data-e-type=\"container\" data-settings=\"{&quot;background_background&quot;:&quot;classic&quot;}\">\n\t\t\t\t<\/div>\n\t\t\t\t<\/div>\n\t\t<div class=\"elementor-element elementor-element-baedac6 e-flex e-con-boxed parallax_section_no qode_elementor_container_no e-con e-parent\" data-id=\"baedac6\" data-element_type=\"container\" data-e-type=\"container\" data-settings=\"{&quot;background_background&quot;:&quot;classic&quot;}\">\n\t\t\t\t\t<div class=\"e-con-inner\">\n\t\t<div class=\"elementor-element elementor-element-5d5ac20 e-con-full e-flex parallax_section_no qode_elementor_container_no e-con e-child\" data-id=\"5d5ac20\" data-element_type=\"container\" data-e-type=\"container\">\n\t\t\t\t<div class=\"elementor-element elementor-element-c390b88 elementor-widget elementor-widget-image\" data-id=\"c390b88\" data-element_type=\"widget\" data-e-type=\"widget\" data-widget_type=\"image.default\">\n\t\t\t\t\t\t\t\t\t\t\t\t\t\t\t<img fetchpriority=\"high\" decoding=\"async\" width=\"2098\" height=\"2560\" src=\"https:\/\/hautarchitekt.at\/wp-content\/uploads\/2025\/10\/Gorsel-1-scaled.png\" class=\"attachment-full size-full wp-image-4957\" alt=\"\" srcset=\"https:\/\/hautarchitekt.at\/wp-content\/uploads\/2025\/10\/Gorsel-1-scaled.png 2098w, https:\/\/hautarchitekt.at\/wp-content\/uploads\/2025\/10\/Gorsel-1-scaled-600x732.png 600w, https:\/\/hautarchitekt.at\/wp-content\/uploads\/2025\/10\/Gorsel-1-246x300.png 246w, https:\/\/hautarchitekt.at\/wp-content\/uploads\/2025\/10\/Gorsel-1-839x1024.png 839w, https:\/\/hautarchitekt.at\/wp-content\/uploads\/2025\/10\/Gorsel-1-768x937.png 768w, https:\/\/hautarchitekt.at\/wp-content\/uploads\/2025\/10\/Gorsel-1-1259x1536.png 1259w, https:\/\/hautarchitekt.at\/wp-content\/uploads\/2025\/10\/Gorsel-1-1678x2048.png 1678w, https:\/\/hautarchitekt.at\/wp-content\/uploads\/2025\/10\/Gorsel-1-700x854.png 700w\" sizes=\"(max-width: 2098px) 100vw, 2098px\" \/>\t\t\t\t\t\t\t\t\t\t\t\t\t\t\t<\/div>\n\t\t\t\t<\/div>\n\t\t<div class=\"elementor-element elementor-element-506a7ff e-con-full e-flex parallax_section_no qode_elementor_container_no e-con e-child\" data-id=\"506a7ff\" data-element_type=\"container\" data-e-type=\"container\">\n\t\t\t\t<div class=\"elementor-element elementor-element-11b07ea elementor-widget elementor-widget-heading\" data-id=\"11b07ea\" data-element_type=\"widget\" data-e-type=\"widget\" data-widget_type=\"heading.default\">\n\t\t\t\t\t<h2 class=\"elementor-heading-title elementor-size-default\">Als Skin Spezialistin<\/h2>\t\t\t\t<\/div>\n\t\t\t\t<div class=\"elementor-element elementor-element-70ac987 elementor-widget elementor-widget-text-editor\" data-id=\"70ac987\" data-element_type=\"widget\" data-e-type=\"widget\" data-widget_type=\"text-editor.default\">\n\t\t\t\t\t\t\t\t\twidme ich mich seit vielen Jahren mit Herz und Fachwissen der Hautgesundheit und Hautpflege. Seit \u00fcber drei Jahren bin ich selbst\u00e4ndig und biete in meinem Institut in Graz individuelle Gesichts- und K\u00f6rperbehandlungen an, die auf die Bed\u00fcrfnisse jeder Haut abgestimmt sind.\t\t\t\t\t\t\t\t<\/div>\n\t\t\t\t<div class=\"elementor-element elementor-element-393138b elementor-widget elementor-widget-text-editor\" data-id=\"393138b\" data-element_type=\"widget\" data-e-type=\"widget\" data-widget_type=\"text-editor.default\">\n\t\t\t\t\t\t\t\t\t<blockquote>\u201eWir schaffen gesunde, sch\u00f6ne Haut <\/br> individuell, nachhaltig und mit Herz.\u201c<\/blockquote>\t\t\t\t\t\t\t\t<\/div>\n\t\t\t\t<\/div>\n\t\t\t\t\t<\/div>\n\t\t\t\t<\/div>\n\t\t<div class=\"elementor-element elementor-element-1139e70 e-flex e-con-boxed parallax_section_no qode_elementor_container_no e-con e-parent\" data-id=\"1139e70\" data-element_type=\"container\" data-e-type=\"container\" data-settings=\"{&quot;background_background&quot;:&quot;classic&quot;}\">\n\t\t\t\t\t<div class=\"e-con-inner\">\n\t\t<div class=\"elementor-element elementor-element-1483e74 e-con-full e-flex parallax_section_no qode_elementor_container_no e-con e-child\" data-id=\"1483e74\" data-element_type=\"container\" data-e-type=\"container\">\n\t\t\t\t<div class=\"elementor-element elementor-element-c147853 elementor-widget elementor-widget-text-editor\" data-id=\"c147853\" data-element_type=\"widget\" data-e-type=\"widget\" data-widget_type=\"text-editor.default\">\n\t\t\t\t\t\t\t\t\tIch lege gro\u00dfen Wert auf eine pers\u00f6nliche Hautberatung, denn nur wer seine Haut wirklich versteht, kann sie auch richtig pflegen.\nMit viel Liebe zum Detail, professioneller Expertise und einem Blick f\u00fcr \u00c4sthetik helfe ich meinen Kundinnen und Kunden, ihre Haut zum Strahlen zu bringen \u2013 nat\u00fcrlich, gesund und authentisch.\t\t\t\t\t\t\t\t<\/div>\n\t\t\t\t<div class=\"elementor-element elementor-element-377caac elementor-widget elementor-widget-text-editor\" data-id=\"377caac\" data-element_type=\"widget\" data-e-type=\"widget\" data-widget_type=\"text-editor.default\">\n\t\t\t\t\t\t\t\t\t\u201eWeil Sie nur das Beste verdienen\u201c\t\t\t\t\t\t\t\t<\/div>\n\t\t\t\t<\/div>\n\t\t<div class=\"elementor-element elementor-element-35188d8 e-con-full e-flex parallax_section_no qode_elementor_container_no e-con e-child\" data-id=\"35188d8\" data-element_type=\"container\" data-e-type=\"container\" data-settings=\"{&quot;background_background&quot;:&quot;classic&quot;}\">\n\t\t\t\t<\/div>\n\t\t\t\t\t<\/div>\n\t\t\t\t<\/div>\n\t\t\t\t<\/div>\n\t\t","protected":false},"excerpt":{"rendered":"<p>\u00dcber uns Sch\u00f6nheit beginnt mit gesunder Haut \u2013 und genau das ist meine Leidenschaft. Als Skin Spezialistin widme ich mich seit vielen Jahren mit Herz und Fachwissen der Hautgesundheit und Hautpflege. Seit \u00fcber drei Jahren bin ich selbst\u00e4ndig und biete in meinem Institut in Graz&#8230;<\/p>\n","protected":false},"author":1,"featured_media":0,"parent":0,"menu_order":0,"comment_status":"closed","ping_status":"closed","template":"elementor_header_footer","meta":{"content-type":"","footnotes":""},"class_list":["post-6928","page","type-page","status-publish","hentry"],"_links":{"self":[{"href":"https:\/\/hautarchitekt.at\/index.php?rest_route=\/wp\/v2\/pages\/6928","targetHints":{"allow":["GET"]}}],"collection":[{"href":"https:\/\/hautarchitekt.at\/index.php?rest_route=\/wp\/v2\/pages"}],"about":[{"href":"https:\/\/hautarchitekt.at\/index.php?rest_route=\/wp\/v2\/types\/page"}],"author":[{"embeddable":true,"href":"https:\/\/hautarchitekt.at\/index.php?rest_route=\/wp\/v2\/users\/1"}],"replies":[{"embeddable":true,"href":"https:\/\/hautarchitekt.at\/index.php?rest_route=%2Fwp%2Fv2%2Fcomments&post=6928"}],"version-history":[{"count":109,"href":"https:\/\/hautarchitekt.at\/index.php?rest_route=\/wp\/v2\/pages\/6928\/revisions"}],"predecessor-version":[{"id":11386,"href":"https:\/\/hautarchitekt.at\/index.php?rest_route=\/wp\/v2\/pages\/6928\/revisions\/11386"}],"wp:attachment":[{"href":"https:\/\/hautarchitekt.at\/index.php?rest_route=%2Fwp%2Fv2%2Fmedia&parent=6928"}],"curies":[{"name":"wp","href":"https:\/\/api.w.org\/{rel}","templated":true}]}}