{"id":3968,"date":"2023-09-26T07:58:37","date_gmt":"2023-09-26T07:58:37","guid":{"rendered":"https:\/\/bridge487.qodeinteractive.com\/?page_id=3968"},"modified":"2026-05-03T23:14:58","modified_gmt":"2026-05-03T23:14:58","slug":"portfoy","status":"publish","type":"page","link":"https:\/\/hautarchitekt.at\/?page_id=3968","title":{"rendered":"portfoy"},"content":{"rendered":"\t\t<div data-elementor-type=\"wp-page\" data-elementor-id=\"3968\" class=\"elementor elementor-3968\" data-elementor-post-type=\"page\">\n\t\t\t\t<div class=\"elementor-element elementor-element-f2ee0f8 e-flex e-con-boxed parallax_section_no qode_elementor_container_no e-con e-parent\" data-id=\"f2ee0f8\" data-element_type=\"container\" data-e-type=\"container\">\n\t\t\t\t\t<div class=\"e-con-inner\">\n\t\t<div class=\"elementor-element elementor-element-7c018ad e-con-full e-flex parallax_section_no qode_elementor_container_no e-con e-child\" data-id=\"7c018ad\" data-element_type=\"container\" data-e-type=\"container\">\n\t\t\t\t<div class=\"elementor-element elementor-element-4138cd5 elementor-widget elementor-widget-heading\" data-id=\"4138cd5\" data-element_type=\"widget\" data-e-type=\"widget\" data-widget_type=\"heading.default\">\n\t\t\t\t\t<h3 class=\"elementor-heading-title elementor-size-default\">Unsere Hauptleistungen im \u00dcberblick<\/h3>\t\t\t\t<\/div>\n\t\t\t\t<div class=\"elementor-element elementor-element-7e16360 elementor-widget__width-inherit elementor-widget elementor-widget-text-editor\" data-id=\"7e16360\" data-element_type=\"widget\" data-e-type=\"widget\" data-widget_type=\"text-editor.default\">\n\t\t\t\t\t\t\t\t\tErleben Sie Sch\u00f6nheit, Pr\u00e4zision und Wohlbefinden \u2013 in jedem Detail.\t\t\t\t\t\t\t\t<\/div>\n\t\t\t\t<\/div>\n\t\t<div class=\"elementor-element elementor-element-3423124 e-con-full e-flex parallax_section_no qode_elementor_container_no e-con e-child\" data-id=\"3423124\" data-element_type=\"container\" data-e-type=\"container\">\n\t\t<div class=\"elementor-element elementor-element-b00e61f e-con-full e-flex parallax_section_no qode_elementor_container_no e-con e-child\" data-id=\"b00e61f\" data-element_type=\"container\" data-e-type=\"container\">\n\t\t<div class=\"elementor-element elementor-element-fe81cc5 e-con-full e-flex parallax_section_no qode_elementor_container_no e-con e-child\" data-id=\"fe81cc5\" data-element_type=\"container\" data-e-type=\"container\" data-settings=\"{&quot;background_background&quot;:&quot;classic&quot;}\">\n\t\t\t\t<\/div>\n\t\t<div class=\"elementor-element elementor-element-ba6e19b e-con-full e-flex parallax_section_no qode_elementor_container_no e-con e-child\" data-id=\"ba6e19b\" data-element_type=\"container\" data-e-type=\"container\">\n\t\t\t\t<div class=\"elementor-element elementor-element-58f498f elementor-widget-tablet__width-inherit elementor-widget elementor-widget-heading\" data-id=\"58f498f\" data-element_type=\"widget\" data-e-type=\"widget\" data-widget_type=\"heading.default\">\n\t\t\t\t\t<h2 class=\"elementor-heading-title elementor-size-default\">Herbs2Peel<\/h2>\t\t\t\t<\/div>\n\t\t\t\t<div class=\"elementor-element elementor-element-4603298 elementor-widget elementor-widget-text-editor\" data-id=\"4603298\" data-element_type=\"widget\" data-e-type=\"widget\" data-widget_type=\"text-editor.default\">\n\t\t\t\t\t\t\t\t\tG\u00f6nnen Sie Ihrer Haut ein Treatment, das Wirksamkeit und Luxus vereint.\t\t\t\t\t\t\t\t<\/div>\n\t\t\t\t<div class=\"elementor-element elementor-element-2222c6e elementor-align-left elementor-widget elementor-widget-button\" data-id=\"2222c6e\" data-element_type=\"widget\" data-e-type=\"widget\" data-widget_type=\"button.default\">\n\t\t\t\t\t\t\t\t\t\t<a class=\"elementor-button elementor-button-link elementor-size-sm\" href=\"#Gesichtsbehandlungen\u200b\">\n\t\t\t\t\t\t<span class=\"elementor-button-content-wrapper\">\n\t\t\t\t\t\t\t\t\t<span class=\"elementor-button-text\">Mehr erfahren<\/span>\n\t\t\t\t\t<\/span>\n\t\t\t\t\t<\/a>\n\t\t\t\t\t\t\t\t<\/div>\n\t\t\t\t<\/div>\n\t\t\t\t<\/div>\n\t\t<div class=\"elementor-element elementor-element-23094e1 e-con-full e-flex parallax_section_no qode_elementor_container_no e-con e-child\" data-id=\"23094e1\" data-element_type=\"container\" data-e-type=\"container\">\n\t\t<div class=\"elementor-element elementor-element-4ee7450 e-con-full e-flex parallax_section_no qode_elementor_container_no e-con e-child\" data-id=\"4ee7450\" data-element_type=\"container\" data-e-type=\"container\" data-settings=\"{&quot;background_background&quot;:&quot;classic&quot;}\">\n\t\t\t\t<\/div>\n\t\t<div class=\"elementor-element elementor-element-11ec938 e-con-full e-flex parallax_section_no qode_elementor_container_no e-con e-child\" data-id=\"11ec938\" data-element_type=\"container\" data-e-type=\"container\">\n\t\t\t\t<div class=\"elementor-element elementor-element-342914f elementor-widget-tablet__width-inherit elementor-widget elementor-widget-heading\" data-id=\"342914f\" data-element_type=\"widget\" data-e-type=\"widget\" data-widget_type=\"heading.default\">\n\t\t\t\t\t<h2 class=\"elementor-heading-title elementor-size-default\">Dauerhafte Laser-Haarentfernung<\/h2>\t\t\t\t<\/div>\n\t\t\t\t<div class=\"elementor-element elementor-element-d115eb9 elementor-widget elementor-widget-text-editor\" data-id=\"d115eb9\" data-element_type=\"widget\" data-e-type=\"widget\" data-widget_type=\"text-editor.default\">\n\t\t\t\t\t\t\t\t\t\nErleben Sie modernste Technologie f\u00fcr dauerhaft glatte Haut.\t\t\t\t\t\t\t\t<\/div>\n\t\t\t\t<div class=\"elementor-element elementor-element-c823460 elementor-align-left elementor-widget elementor-widget-button\" data-id=\"c823460\" data-element_type=\"widget\" data-e-type=\"widget\" data-widget_type=\"button.default\">\n\t\t\t\t\t\t\t\t\t\t<a class=\"elementor-button elementor-button-link elementor-size-sm\" href=\"#Laser-Haarentfernung\u200b\">\n\t\t\t\t\t\t<span class=\"elementor-button-content-wrapper\">\n\t\t\t\t\t\t\t\t\t<span class=\"elementor-button-text\">Mehr erfahren<\/span>\n\t\t\t\t\t<\/span>\n\t\t\t\t\t<\/a>\n\t\t\t\t\t\t\t\t<\/div>\n\t\t\t\t<\/div>\n\t\t\t\t<\/div>\n\t\t<div class=\"elementor-element elementor-element-3744e78 e-con-full e-flex parallax_section_no qode_elementor_container_no e-con e-child\" data-id=\"3744e78\" data-element_type=\"container\" data-e-type=\"container\">\n\t\t<div class=\"elementor-element elementor-element-c6ae542 e-con-full e-flex parallax_section_no qode_elementor_container_no e-con e-child\" data-id=\"c6ae542\" data-element_type=\"container\" data-e-type=\"container\" data-settings=\"{&quot;background_background&quot;:&quot;classic&quot;}\">\n\t\t\t\t<\/div>\n\t\t<div class=\"elementor-element elementor-element-7cf4e91 e-con-full e-flex parallax_section_no qode_elementor_container_no e-con e-child\" data-id=\"7cf4e91\" data-element_type=\"container\" data-e-type=\"container\">\n\t\t\t\t<div class=\"elementor-element elementor-element-1a59b14 elementor-widget-tablet__width-inherit elementor-widget elementor-widget-heading\" data-id=\"1a59b14\" data-element_type=\"widget\" data-e-type=\"widget\" data-widget_type=\"heading.default\">\n\t\t\t\t\t<h2 class=\"elementor-heading-title elementor-size-default\">Lash &amp; Brow Lifting <\/h2>\t\t\t\t<\/div>\n\t\t\t\t<div class=\"elementor-element elementor-element-1fafe30 elementor-widget elementor-widget-text-editor\" data-id=\"1fafe30\" data-element_type=\"widget\" data-e-type=\"widget\" data-widget_type=\"text-editor.default\">\n\t\t\t\t\t\t\t\t\tVerleihen Sie Ihrem Blick Ausdruck und Eleganz \u2013 ganz ohne Mascara oder t\u00e4gliches Styling.\t\t\t\t\t\t\t\t<\/div>\n\t\t\t\t<div class=\"elementor-element elementor-element-f8618bf elementor-align-left elementor-widget elementor-widget-button\" data-id=\"f8618bf\" data-element_type=\"widget\" data-e-type=\"widget\" data-widget_type=\"button.default\">\n\t\t\t\t\t\t\t\t\t\t<a class=\"elementor-button elementor-button-link elementor-size-sm\" href=\"#Wimpern\">\n\t\t\t\t\t\t<span class=\"elementor-button-content-wrapper\">\n\t\t\t\t\t\t\t\t\t<span class=\"elementor-button-text\">Mehr erfahren<\/span>\n\t\t\t\t\t<\/span>\n\t\t\t\t\t<\/a>\n\t\t\t\t\t\t\t\t<\/div>\n\t\t\t\t<\/div>\n\t\t\t\t<\/div>\n\t\t<div class=\"elementor-element elementor-element-43ce92e e-con-full e-flex parallax_section_no qode_elementor_container_no e-con e-child\" data-id=\"43ce92e\" data-element_type=\"container\" data-e-type=\"container\">\n\t\t<div class=\"elementor-element elementor-element-9e8291e e-con-full e-flex parallax_section_no qode_elementor_container_no e-con e-child\" data-id=\"9e8291e\" data-element_type=\"container\" data-e-type=\"container\" data-settings=\"{&quot;background_background&quot;:&quot;classic&quot;}\">\n\t\t\t\t<\/div>\n\t\t<div class=\"elementor-element elementor-element-39d191c e-con-full e-flex parallax_section_no qode_elementor_container_no e-con e-child\" data-id=\"39d191c\" data-element_type=\"container\" data-e-type=\"container\">\n\t\t\t\t<div class=\"elementor-element elementor-element-e712e68 elementor-widget-tablet__width-inherit elementor-widget elementor-widget-heading\" data-id=\"e712e68\" data-element_type=\"widget\" data-e-type=\"widget\" data-widget_type=\"heading.default\">\n\t\t\t\t\t<h2 class=\"elementor-heading-title elementor-size-default\">K\u00f6rperbehandlungen<\/span><\/h2>\t\t\t\t<\/div>\n\t\t\t\t<div class=\"elementor-element elementor-element-13e74bc elementor-widget elementor-widget-text-editor\" data-id=\"13e74bc\" data-element_type=\"widget\" data-e-type=\"widget\" data-widget_type=\"text-editor.default\">\n\t\t\t\t\t\t\t\t\tErleben Sie Hauterneuerung auf h\u00f6chstem Niveau \u2013 individuell abgestimmt, wirksam und luxuri\u00f6s.\t\t\t\t\t\t\t\t<\/div>\n\t\t\t\t<div class=\"elementor-element elementor-element-5f8188f elementor-align-left elementor-widget elementor-widget-button\" data-id=\"5f8188f\" data-element_type=\"widget\" data-e-type=\"widget\" data-widget_type=\"button.default\">\n\t\t\t\t\t\t\t\t\t\t<a class=\"elementor-button elementor-button-link elementor-size-sm\" href=\"#K\u00f6rperbehandlungen\">\n\t\t\t\t\t\t<span class=\"elementor-button-content-wrapper\">\n\t\t\t\t\t\t\t\t\t<span class=\"elementor-button-text\">Mehr erfahren<\/span>\n\t\t\t\t\t<\/span>\n\t\t\t\t\t<\/a>\n\t\t\t\t\t\t\t\t<\/div>\n\t\t\t\t<\/div>\n\t\t\t\t<\/div>\n\t\t\t\t<\/div>\n\t\t\t\t\t<\/div>\n\t\t\t\t<\/div>\n\t\t<div class=\"elementor-element elementor-element-83ea616 e-flex e-con-boxed parallax_section_no qode_elementor_container_no e-con e-parent\" data-id=\"83ea616\" data-element_type=\"container\" data-e-type=\"container\" id=\"Gesichtsbehandlungen\u200b\">\n\t\t\t\t\t<div class=\"e-con-inner\">\n\t\t<div class=\"elementor-element elementor-element-6fa3df6 e-con-full e-flex parallax_section_no qode_elementor_container_no e-con e-child\" data-id=\"6fa3df6\" data-element_type=\"container\" data-e-type=\"container\">\n\t\t<div class=\"elementor-element elementor-element-f9ffac2 e-con-full e-flex parallax_section_no qode_elementor_container_no e-con e-child\" data-id=\"f9ffac2\" data-element_type=\"container\" data-e-type=\"container\">\n\t\t\t\t<div class=\"elementor-element elementor-element-bacb5e8 elementor-widget elementor-widget-heading\" data-id=\"bacb5e8\" data-element_type=\"widget\" data-e-type=\"widget\" data-widget_type=\"heading.default\">\n\t\t\t\t\t<h2 class=\"elementor-heading-title elementor-size-default\">Herbs2Peel <\/h2>\t\t\t\t<\/div>\n\t\t\t\t<div class=\"elementor-element elementor-element-34d8d91 elementor-widget elementor-widget-heading\" data-id=\"34d8d91\" data-element_type=\"widget\" data-e-type=\"widget\" data-widget_type=\"heading.default\">\n\t\t\t\t\t<h5 class=\"elementor-heading-title elementor-size-default\">Luxuri\u00f6se Hauterneuerung mit der Kraft der Natur\n<\/h5>\t\t\t\t<\/div>\n\t\t\t\t<div class=\"elementor-element elementor-element-143a0f3 elementor-widget elementor-widget-text-editor\" data-id=\"143a0f3\" data-element_type=\"widget\" data-e-type=\"widget\" data-widget_type=\"text-editor.default\">\n\t\t\t\t\t\t\t\t\tErleben Sie eine exklusive Kombination aus Natur und Wissenschaft.\nHerbs2Peel ist eine medizinisch inspirierte Kr\u00e4uterbehandlung, die die nat\u00fcrliche Regeneration der Haut stimuliert und ihr ein verfeinertes, ebenm\u00e4\u00dfiges und jugendlich frisches Erscheinungsbild verleiht.\nReine, sorgf\u00e4ltig ausgew\u00e4hlte Kr\u00e4uterwirkstoffe aktivieren die Zellerneuerung, f\u00f6rdern die Durchblutung und verbessern sichtbar Struktur und Strahlkraft der Haut \u2013 ganz ohne chemische Zus\u00e4tze oder Ausfallzeiten.\n\nG\u00f6nnen Sie Ihrer Haut ein Treatment, das Wirksamkeit und Luxus vereint.\t\t\t\t\t\t\t\t<\/div>\n\t\t\t\t<div class=\"elementor-element elementor-element-e071d01 elementor-align-left elementor-widget elementor-widget-button\" data-id=\"e071d01\" data-element_type=\"widget\" data-e-type=\"widget\" data-widget_type=\"button.default\">\n\t\t\t\t\t\t\t\t\t\t<a class=\"elementor-button elementor-button-link elementor-size-sm\" href=\"#\">\n\t\t\t\t\t\t<span class=\"elementor-button-content-wrapper\">\n\t\t\t\t\t\t\t\t\t<span class=\"elementor-button-text\">Termin vereinbaren<\/span>\n\t\t\t\t\t<\/span>\n\t\t\t\t\t<\/a>\n\t\t\t\t\t\t\t\t<\/div>\n\t\t\t\t<\/div>\n\t\t\t\t<\/div>\n\t\t<div class=\"elementor-element elementor-element-2a071f1 e-con-full e-flex parallax_section_no qode_elementor_container_no e-con e-child\" data-id=\"2a071f1\" data-element_type=\"container\" data-e-type=\"container\" data-settings=\"{&quot;background_background&quot;:&quot;classic&quot;}\">\n\t\t\t\t<\/div>\n\t\t\t\t\t<\/div>\n\t\t\t\t<\/div>\n\t\t<div class=\"elementor-element elementor-element-b3c4d2a e-flex e-con-boxed parallax_section_no qode_elementor_container_no e-con e-parent\" data-id=\"b3c4d2a\" data-element_type=\"container\" data-e-type=\"container\">\n\t\t\t\t\t<div class=\"e-con-inner\">\n\t\t\t\t<div class=\"elementor-element elementor-element-44f219f elementor-widget elementor-widget-spacer\" data-id=\"44f219f\" data-element_type=\"widget\" data-e-type=\"widget\" data-widget_type=\"spacer.default\">\n\t\t\t\t\t\t\t<div class=\"elementor-spacer\">\n\t\t\t<div class=\"elementor-spacer-inner\"><\/div>\n\t\t<\/div>\n\t\t\t\t\t\t<\/div>\n\t\t\t\t\t<\/div>\n\t\t\t\t<\/div>\n\t\t<div class=\"elementor-element elementor-element-2e77a6b e-flex e-con-boxed parallax_section_no qode_elementor_container_no e-con e-parent\" data-id=\"2e77a6b\" data-element_type=\"container\" data-e-type=\"container\" id=\"Wimpern\">\n\t\t\t\t\t<div class=\"e-con-inner\">\n\t\t<div class=\"elementor-element elementor-element-f07bbaf e-con-full e-flex parallax_section_no qode_elementor_container_no e-con e-child\" data-id=\"f07bbaf\" data-element_type=\"container\" data-e-type=\"container\">\n\t\t<div class=\"elementor-element elementor-element-91d0ac9 e-con-full e-flex parallax_section_no qode_elementor_container_no e-con e-child\" data-id=\"91d0ac9\" data-element_type=\"container\" data-e-type=\"container\">\n\t\t\t\t<div class=\"elementor-element elementor-element-6698460 elementor-widget elementor-widget-heading\" data-id=\"6698460\" data-element_type=\"widget\" data-e-type=\"widget\" data-widget_type=\"heading.default\">\n\t\t\t\t\t<h2 class=\"elementor-heading-title elementor-size-default\">Lash &amp; Brow Lifting\n<\/h2>\t\t\t\t<\/div>\n\t\t\t\t<div class=\"elementor-element elementor-element-aa73e92 elementor-widget elementor-widget-heading\" data-id=\"aa73e92\" data-element_type=\"widget\" data-e-type=\"widget\" data-widget_type=\"heading.default\">\n\t\t\t\t\t<h5 class=\"elementor-heading-title elementor-size-default\">Der perfekte Blick<\/h5>\t\t\t\t<\/div>\n\t\t\t\t<div class=\"elementor-element elementor-element-3f31ad9 elementor-widget elementor-widget-text-editor\" data-id=\"3f31ad9\" data-element_type=\"widget\" data-e-type=\"widget\" data-widget_type=\"text-editor.default\">\n\t\t\t\t\t\t\t\t\tF\u00fcr einen ausdrucksstarken, gepflegten Look \u2013 ganz ohne t\u00e4gliches Schminken.<br \/>Beim Wimpernlifting verleihen wir Ihren Wimpern mehr Schwung und optische L\u00e4nge.<br data-start=\"1952\" data-end=\"1955\" \/>Beim Augenbrauenlifting formen wir Ihre Brauen harmonisch und nat\u00fcrlich. Das Ergebnis: ein frischer, offener Blick, der wochenlang anh\u00e4lt.\t\t\t\t\t\t\t\t<\/div>\n\t\t\t\t<div class=\"elementor-element elementor-element-062298c elementor-align-left elementor-widget elementor-widget-button\" data-id=\"062298c\" data-element_type=\"widget\" data-e-type=\"widget\" data-widget_type=\"button.default\">\n\t\t\t\t\t\t\t\t\t\t<a class=\"elementor-button elementor-button-link elementor-size-sm\" href=\"#\">\n\t\t\t\t\t\t<span class=\"elementor-button-content-wrapper\">\n\t\t\t\t\t\t\t\t\t<span class=\"elementor-button-text\">Termin vereinbaren<\/span>\n\t\t\t\t\t<\/span>\n\t\t\t\t\t<\/a>\n\t\t\t\t\t\t\t\t<\/div>\n\t\t\t\t<\/div>\n\t\t\t\t<\/div>\n\t\t<div class=\"elementor-element elementor-element-7364647 e-con-full e-flex parallax_section_no qode_elementor_container_no e-con e-child\" data-id=\"7364647\" data-element_type=\"container\" data-e-type=\"container\" data-settings=\"{&quot;background_background&quot;:&quot;classic&quot;}\">\n\t\t\t\t<\/div>\n\t\t\t\t\t<\/div>\n\t\t\t\t<\/div>\n\t\t<div class=\"elementor-element elementor-element-d7db053 e-flex e-con-boxed parallax_section_no qode_elementor_container_no e-con e-parent\" data-id=\"d7db053\" data-element_type=\"container\" data-e-type=\"container\">\n\t\t\t\t\t<div class=\"e-con-inner\">\n\t\t\t\t<div class=\"elementor-element elementor-element-56af81a elementor-widget elementor-widget-spacer\" data-id=\"56af81a\" data-element_type=\"widget\" data-e-type=\"widget\" data-widget_type=\"spacer.default\">\n\t\t\t\t\t\t\t<div class=\"elementor-spacer\">\n\t\t\t<div class=\"elementor-spacer-inner\"><\/div>\n\t\t<\/div>\n\t\t\t\t\t\t<\/div>\n\t\t\t\t\t<\/div>\n\t\t\t\t<\/div>\n\t\t<div class=\"elementor-element elementor-element-f65de50 e-flex e-con-boxed parallax_section_no qode_elementor_container_no e-con e-parent\" data-id=\"f65de50\" data-element_type=\"container\" data-e-type=\"container\" id=\"K\u00f6rperbehandlungen\">\n\t\t\t\t\t<div class=\"e-con-inner\">\n\t\t<div class=\"elementor-element elementor-element-5dec2c8 e-con-full e-flex parallax_section_no qode_elementor_container_no e-con e-child\" data-id=\"5dec2c8\" data-element_type=\"container\" data-e-type=\"container\" data-settings=\"{&quot;background_background&quot;:&quot;classic&quot;}\">\n\t\t\t\t<\/div>\n\t\t<div class=\"elementor-element elementor-element-d266aa4 e-con-full e-flex parallax_section_no qode_elementor_container_no e-con e-child\" data-id=\"d266aa4\" data-element_type=\"container\" data-e-type=\"container\">\n\t\t\t\t<div class=\"elementor-element elementor-element-fa41014 elementor-widget elementor-widget-heading\" data-id=\"fa41014\" data-element_type=\"widget\" data-e-type=\"widget\" data-widget_type=\"heading.default\">\n\t\t\t\t\t<h2 class=\"elementor-heading-title elementor-size-default\">K\u00f6rperbehandlungen<\/h2>\t\t\t\t<\/div>\n\t\t\t\t<div class=\"elementor-element elementor-element-09ca46d elementor-widget elementor-widget-heading\" data-id=\"09ca46d\" data-element_type=\"widget\" data-e-type=\"widget\" data-widget_type=\"heading.default\">\n\t\t\t\t\t<h5 class=\"elementor-heading-title elementor-size-default\">Regeneration in ihrer sch\u00f6nsten Form<\/h5>\t\t\t\t<\/div>\n\t\t\t\t<div class=\"elementor-element elementor-element-72ce9cb elementor-widget elementor-widget-text-editor\" data-id=\"72ce9cb\" data-element_type=\"widget\" data-e-type=\"widget\" data-widget_type=\"text-editor.default\">\n\t\t\t\t\t\t\t\t\t<p>Sch\u00f6nheit endet nicht im Gesicht \u2013 sie beginnt in der Tiefe der Haut.<br \/>Unsere exklusiven K\u00f6rperbehandlungen mit Herbs2Peel oder TCA-S\u00e4ure in Kombination mit Needling aktivieren die nat\u00fcrliche Hautregeneration und sorgen f\u00fcr sichtbar glattere, straffere und ebenm\u00e4\u00dfigere Haut.<\/p><p>Ob bei Narben, Dehnungsstreifen, Unreinheiten oder m\u00fcder, unebener Haut \u2013 die gezielte Stimulation der Zellerneuerung verfeinert die Struktur, f\u00f6rdert die Kollagenbildung und verleiht Ihrer Haut neue Vitalit\u00e4t und Spannkraft.<\/p><p>Erleben Sie Hauterneuerung auf h\u00f6chstem Niveau \u2013 individuell abgestimmt, wirksam und luxuri\u00f6s.<\/p>\t\t\t\t\t\t\t\t<\/div>\n\t\t\t\t<div class=\"elementor-element elementor-element-6f43712 elementor-align-left elementor-widget elementor-widget-button\" data-id=\"6f43712\" data-element_type=\"widget\" data-e-type=\"widget\" data-widget_type=\"button.default\">\n\t\t\t\t\t\t\t\t\t\t<a class=\"elementor-button elementor-button-link elementor-size-sm\" href=\"#\">\n\t\t\t\t\t\t<span class=\"elementor-button-content-wrapper\">\n\t\t\t\t\t\t\t\t\t<span class=\"elementor-button-text\">Termin vereinbaren<\/span>\n\t\t\t\t\t<\/span>\n\t\t\t\t\t<\/a>\n\t\t\t\t\t\t\t\t<\/div>\n\t\t\t\t<\/div>\n\t\t\t\t\t<\/div>\n\t\t\t\t<\/div>\n\t\t<div class=\"elementor-element elementor-element-4f80bc9 e-flex e-con-boxed parallax_section_no qode_elementor_container_no e-con e-parent\" data-id=\"4f80bc9\" data-element_type=\"container\" data-e-type=\"container\">\n\t\t\t\t\t<div class=\"e-con-inner\">\n\t\t\t\t<div class=\"elementor-element elementor-element-90d7622 elementor-widget elementor-widget-spacer\" data-id=\"90d7622\" data-element_type=\"widget\" data-e-type=\"widget\" data-widget_type=\"spacer.default\">\n\t\t\t\t\t\t\t<div class=\"elementor-spacer\">\n\t\t\t<div class=\"elementor-spacer-inner\"><\/div>\n\t\t<\/div>\n\t\t\t\t\t\t<\/div>\n\t\t\t\t\t<\/div>\n\t\t\t\t<\/div>\n\t\t\t\t<\/div>\n\t\t","protected":false},"excerpt":{"rendered":"<p>Unsere Hauptleistungen im \u00dcberblick Erleben Sie Sch\u00f6nheit, Pr\u00e4zision und Wohlbefinden \u2013 in jedem Detail. Herbs2Peel G\u00f6nnen Sie Ihrer Haut ein Treatment, das Wirksamkeit und Luxus vereint. Mehr erfahren Dauerhafte Laser-Haarentfernung Erleben Sie modernste Technologie f\u00fcr dauerhaft glatte Haut. Mehr erfahren Lash &amp; Brow Lifting Verleihen&#8230;<\/p>\n","protected":false},"author":1,"featured_media":0,"parent":0,"menu_order":0,"comment_status":"closed","ping_status":"closed","template":"full_width.php","meta":{"content-type":"","footnotes":""},"class_list":["post-3968","page","type-page","status-publish","hentry"],"_links":{"self":[{"href":"https:\/\/hautarchitekt.at\/index.php?rest_route=\/wp\/v2\/pages\/3968","targetHints":{"allow":["GET"]}}],"collection":[{"href":"https:\/\/hautarchitekt.at\/index.php?rest_route=\/wp\/v2\/pages"}],"about":[{"href":"https:\/\/hautarchitekt.at\/index.php?rest_route=\/wp\/v2\/types\/page"}],"author":[{"embeddable":true,"href":"https:\/\/hautarchitekt.at\/index.php?rest_route=\/wp\/v2\/users\/1"}],"replies":[{"embeddable":true,"href":"https:\/\/hautarchitekt.at\/index.php?rest_route=%2Fwp%2Fv2%2Fcomments&post=3968"}],"version-history":[{"count":106,"href":"https:\/\/hautarchitekt.at\/index.php?rest_route=\/wp\/v2\/pages\/3968\/revisions"}],"predecessor-version":[{"id":11394,"href":"https:\/\/hautarchitekt.at\/index.php?rest_route=\/wp\/v2\/pages\/3968\/revisions\/11394"}],"wp:attachment":[{"href":"https:\/\/hautarchitekt.at\/index.php?rest_route=%2Fwp%2Fv2%2Fmedia&parent=3968"}],"curies":[{"name":"wp","href":"https:\/\/api.w.org\/{rel}","templated":true}]}}